{"id":229,"date":"2019-07-01T19:39:56","date_gmt":"2019-07-01T16:39:56","guid":{"rendered":"https:\/\/melges24world2017blog.wordpress.com\/?page_id=229"},"modified":"2019-08-26T16:37:21","modified_gmt":"2019-08-26T13:37:21","slug":"contacts","status":"publish","type":"page","link":"https:\/\/melges24.com\/Worlds2021\/contacts\/","title":{"rendered":"Contacts"},"content":{"rendered":"<div>\n<div><strong><span lang=\"EN-GB\">Randy Draftz<\/span><\/strong><\/div>\n<div><span lang=\"EN-GB\">Regatta Chair<br \/>\nRegatta Management LLC<br \/>\n<a href=\"mailto:rdraftz@charlestonyachting.com\" target=\"_blank\" rel=\"noopener noreferrer\">rdraftz@charlestonyachting.com<\/a><br \/>\n+1 843 557 6082<\/span><\/div>\n<div><span lang=\"EN-GB\">\u00a0<\/span><\/div>\n<div><\/div>\n<div><strong>Piret Salmistu<\/strong><\/div>\n<\/div>\n<div>\n<div>IM24CA Administrator &amp; Media Coordinator<br \/>\n+372\u00a0507 7217<\/div>\n<div><a href=\"mailto:piret@melges24.com\" target=\"_blank\" rel=\"noopener noreferrer\">piret@melges24.com<\/a><\/div>\n<\/div>\n<div><\/div>\n<div><strong><br \/>\nJohn Abel<\/strong><br \/>\nIM24CA Championship CoordinatorWesternHemisphere\/PacificRim<br \/>\n+1 250 380-8989<br \/>\n<a href=\"mailto:johnabel.sailing@gmail.com\">johnabel.sailing@gmail.com<\/a><\/div>\n","protected":false},"excerpt":{"rendered":"<p>Randy Draftz Regatta Chair Regatta Management LLC rdraftz@charlestonyachting.com +1 843 557 6082 \u00a0 Piret Salmistu IM24CA Administrator &amp; Media Coordinator +372\u00a0507 7217 piret@melges24.com John Abel IM24CA Championship CoordinatorWesternHemisphere\/PacificRim +1 250 380-8989 johnabel.sailing@gmail.com<\/p>\n","protected":false},"author":1,"featured_media":0,"parent":0,"menu_order":0,"comment_status":"closed","ping_status":"closed","template":"","meta":{"spay_email":""},"jetpack_sharing_enabled":true,"jetpack_shortlink":"https:\/\/wp.me\/P91hJ2-3H","jetpack-related-posts":[{"id":105,"url":"https:\/\/melges24.com\/Worlds2021\/im24ca-facebook\/","url_meta":{"origin":229,"position":0},"title":"IM24CA Facebook","date":"25. Jul 2017","format":false,"excerpt":"","rel":"","context":"Similar post","img":{"alt_text":"","src":"","width":0,"height":0},"classes":[]},{"id":104,"url":"https:\/\/melges24.com\/Worlds2021\/event-facebook\/","url_meta":{"origin":229,"position":1},"title":"Social Media","date":"25. Jul 2017","format":false,"excerpt":"Event in Facebook IM24CA in Facebook Instagram Twitter Flickr","rel":"","context":"Similar post","img":{"alt_text":"","src":"","width":0,"height":0},"classes":[]},{"id":2,"url":"https:\/\/melges24.com\/Worlds2021\/demoleht\/","url_meta":{"origin":229,"position":2},"title":"N\u00e4idisleht","date":"28. Jul 2017","format":false,"excerpt":"See on n\u00e4idisleht. See erineb ajaveebipostitusest selle poolest, et on p\u00fcsiva asukohaga ning enamik teemasid n\u00e4itab seda saidi navigeerimismen\u00fc\u00fcs. Enamik inimesi alustab Minust -lehek\u00fcljega, mis kirjeldab neid v\u00f5imalikele k\u00fclastajatele. See v\u00f5iks olla n\u00e4iteks selline: Tere! Ma olen p\u00e4eval jalgrattakuller ja \u00f5htuti algaja n\u00e4itleja ning see on minu ajaveeb. Ma elan\u2026","rel":"","context":"Similar post","img":{"alt_text":"","src":"","width":0,"height":0},"classes":[]},{"id":102,"url":"https:\/\/melges24.com\/Worlds2021\/photos\/","url_meta":{"origin":229,"position":3},"title":"Photos","date":"25. Jul 2017","format":false,"excerpt":"All event photos will be available at the FLICKR account of the International Melges 24 Class Association. Official Event Photographer - Pierrick Contin - Pierrick Contin Photography All photos royalty free for editorial and class use only. Please contact Pierrick Contin on pierrick@contin.fr for agreement on all other usage. All\u2026","rel":"","context":"Similar post","img":{"alt_text":"","src":"https:\/\/i0.wp.com\/melges24.com\/Worlds2021\/wp-content\/uploads\/2017\/07\/flickr_cover.jpg?resize=350%2C200&ssl=1","width":350,"height":200},"classes":[]},{"id":96,"url":"https:\/\/melges24.com\/Worlds2021\/schedule\/","url_meta":{"origin":229,"position":4},"title":"Schedule & Social Program","date":"1. Jul 2019","format":false,"excerpt":"","rel":"","context":"Similar post","img":{"alt_text":"Charleston Harbor Marina","src":"https:\/\/i0.wp.com\/melges24.com\/Worlds2021\/wp-content\/uploads\/2019\/08\/Screen-Shot-2019-08-26-at-16.31.46.png?fit=1200%2C801&ssl=1&resize=350%2C200","width":350,"height":200},"classes":[]}],"_links":{"self":[{"href":"https:\/\/melges24.com\/Worlds2021\/wp-json\/wp\/v2\/pages\/229"}],"collection":[{"href":"https:\/\/melges24.com\/Worlds2021\/wp-json\/wp\/v2\/pages"}],"about":[{"href":"https:\/\/melges24.com\/Worlds2021\/wp-json\/wp\/v2\/types\/page"}],"author":[{"embeddable":true,"href":"https:\/\/melges24.com\/Worlds2021\/wp-json\/wp\/v2\/users\/1"}],"replies":[{"embeddable":true,"href":"https:\/\/melges24.com\/Worlds2021\/wp-json\/wp\/v2\/comments?post=229"}],"version-history":[{"count":2,"href":"https:\/\/melges24.com\/Worlds2021\/wp-json\/wp\/v2\/pages\/229\/revisions"}],"predecessor-version":[{"id":658,"href":"https:\/\/melges24.com\/Worlds2021\/wp-json\/wp\/v2\/pages\/229\/revisions\/658"}],"wp:attachment":[{"href":"https:\/\/melges24.com\/Worlds2021\/wp-json\/wp\/v2\/media?parent=229"}],"curies":[{"name":"wp","href":"https:\/\/api.w.org\/{rel}","templated":true}]}}